{"id":8030,"date":"2025-01-13T15:09:12","date_gmt":"2025-01-13T14:09:12","guid":{"rendered":"https:\/\/oknoplast.servisclimax.sk\/?page_id=8030"},"modified":"2025-03-17T09:30:09","modified_gmt":"2025-03-17T08:30:09","slug":"o-nas","status":"publish","type":"page","link":"https:\/\/oknoplast.servisclimax.sk\/cs\/o-nas\/","title":{"rendered":"O n\u00e1s"},"content":{"rendered":"\n<h2 class=\"wp-block-heading\" id=\"h-pribeh-nasi-firmy\">P\u0159\u00edb\u011bh na\u0161\u00ed firmy<\/h2>\n\n\n\n<p>P\u0159\u00edb\u011bh firmy montiva s.r.o. za\u010dal v roce 2009. Od t\u00e9 doby se sna\u017e\u00edme pomoc\u00ed st\u00edn\u00edc\u00ed techniky zkvalit\u0148ovat \u017eivot na\u0161ich z\u00e1kazn\u00edk\u016f.<\/p>\n\n\n\n<p>Z mal\u00e9 firmy o t\u0159ech lidech postupn\u011b vyrostla firma s p\u011bti \u00fasp\u011b\u0161n\u00fdmi pobo\u010dkami &#8211;&nbsp;<strong><a href=\"https:\/\/www.montiva.cz\/kontakt?mesto=zlin\">Zl\u00edn<\/a>,&nbsp;<a href=\"https:\/\/www.montiva.cz\/kontakt?mesto=praha\">Praha<\/a>,&nbsp;<a href=\"https:\/\/www.montiva.cz\/kontakt?mesto=uherske-hradiste\">Uhersk\u00e9 Hradi\u0161t\u011b<\/a>, Kladno a P\u0159erov&nbsp;<\/strong>. A p\u0159esto\u017ee m\u00e1me tendence st\u00e1le r\u016fst,<strong>&nbsp;sna\u017e\u00edme se zachovat p\u0159\u00e1telskou a rodinnou atmosf\u00e9ru.<\/strong><\/p>\n\n\n\n<p>P\u0159edstavujeme hlavn\u00edho obchodn\u00edho partnera dodavatelsk\u00e9 spole\u010dnosti Climax,a.s. ve Zl\u00ednsk\u00e9m kraji, kter\u00e1 je proslavena sv\u00fdm&nbsp;<strong>vysoce kvalitn\u00edm sortimentem<\/strong>. My pot\u00e9 p\u0159isp\u011bjeme profesion\u00e1ln\u00edm poradenstv\u00edm a lidsk\u00fdm p\u0159\u00edstupem k z\u00e1kazn\u00edk\u016fm.<\/p>\n\n\n\n<p>V\u011b\u0159\u00edme, \u017ee ka\u017ed\u00fd si zaslou\u017e\u00ed jen ty nejlep\u0161\u00ed slu\u017eby. Z toho d\u016fvodu klademe velk\u00fd d\u016fraz na znalosti na\u0161eho t\u00fdmu, tak abychom dok\u00e1zali komplexn\u011b \u0159e\u0161it Va\u0161e po\u017eadavky.&nbsp;<\/p>\n","protected":false},"excerpt":{"rendered":"<p>P\u0159\u00edb\u011bh na\u0161\u00ed firmy P\u0159\u00edb\u011bh firmy montiva s.r.o. za\u010dal v roce 2009. Od t\u00e9 doby se sna\u017e\u00edme pomoc\u00ed st\u00edn\u00edc\u00ed techniky zkvalit\u0148ovat \u017eivot na\u0161ich z\u00e1kazn\u00edk\u016f. Z mal\u00e9 firmy o t\u0159ech lidech postupn\u011b vyrostla firma s p\u011bti \u00fasp\u011b\u0161n\u00fdmi pobo\u010dkami &#8211;&nbsp;Zl\u00edn,&nbsp;Praha,&nbsp;Uhersk\u00e9 Hradi\u0161t\u011b, Kladno a P\u0159erov&nbsp;. A p\u0159esto\u017ee m\u00e1me tendence st\u00e1le r\u016fst,&nbsp;sna\u017e\u00edme se zachovat p\u0159\u00e1telskou a rodinnou atmosf\u00e9ru. P\u0159edstavujeme hlavn\u00edho [&hellip;]<\/p>\n","protected":false},"author":5,"featured_media":0,"parent":0,"menu_order":0,"comment_status":"closed","ping_status":"closed","template":"","meta":{"_acf_changed":false,"inline_featured_image":false,"footnotes":""},"class_list":["post-8030","page","type-page","status-publish","hentry"],"acf":[],"yoast_head":"<!-- This site is optimized with the Yoast SEO Premium plugin v25.8 (Yoast SEO v27.2) - https:\/\/yoast.com\/product\/yoast-seo-premium-wordpress\/ -->\n<title>O n\u00e1s - oknoplast<\/title>\n<meta name=\"robots\" content=\"index, follow, max-snippet:-1, max-image-preview:large, max-video-preview:-1\" \/>\n<link rel=\"canonical\" href=\"https:\/\/oknoplast.servisclimax.sk\/cs\/o-nas\/\" \/>\n<meta property=\"og:locale\" content=\"cs_CZ\" \/>\n<meta property=\"og:type\" content=\"article\" \/>\n<meta property=\"og:title\" content=\"O n\u00e1s\" \/>\n<meta property=\"og:description\" content=\"P\u0159\u00edb\u011bh na\u0161\u00ed firmy P\u0159\u00edb\u011bh firmy montiva s.r.o. za\u010dal v roce 2009. Od t\u00e9 doby se sna\u017e\u00edme pomoc\u00ed st\u00edn\u00edc\u00ed techniky zkvalit\u0148ovat \u017eivot na\u0161ich z\u00e1kazn\u00edk\u016f. Z mal\u00e9 firmy o t\u0159ech lidech postupn\u011b vyrostla firma s p\u011bti \u00fasp\u011b\u0161n\u00fdmi pobo\u010dkami &#8211;&nbsp;Zl\u00edn,&nbsp;Praha,&nbsp;Uhersk\u00e9 Hradi\u0161t\u011b, Kladno a P\u0159erov&nbsp;. A p\u0159esto\u017ee m\u00e1me tendence st\u00e1le r\u016fst,&nbsp;sna\u017e\u00edme se zachovat p\u0159\u00e1telskou a rodinnou atmosf\u00e9ru. P\u0159edstavujeme hlavn\u00edho [&hellip;]\" \/>\n<meta property=\"og:url\" content=\"https:\/\/oknoplast.servisclimax.sk\/cs\/o-nas\/\" \/>\n<meta property=\"og:site_name\" content=\"oknoplast\" \/>\n<meta property=\"article:modified_time\" content=\"2025-03-17T08:30:09+00:00\" \/>\n<meta name=\"twitter:card\" content=\"summary_large_image\" \/>\n<meta name=\"twitter:label1\" content=\"Odhadovan\u00e1 doba \u010dten\u00ed\" \/>\n\t<meta name=\"twitter:data1\" content=\"1 minuta\" \/>\n<script type=\"application\/ld+json\" class=\"yoast-schema-graph\">{\"@context\":\"https:\/\/schema.org\",\"@graph\":[{\"@type\":\"WebPage\",\"@id\":\"https:\/\/oknoplast.servisclimax.sk\/cs\/o-nas\/\",\"url\":\"https:\/\/oknoplast.servisclimax.sk\/cs\/o-nas\/\",\"name\":\"O n\u00e1s - oknoplast\",\"isPartOf\":{\"@id\":\"https:\/\/oknoplast.servisclimax.sk\/cs\/#website\"},\"datePublished\":\"2025-01-13T14:09:12+00:00\",\"dateModified\":\"2025-03-17T08:30:09+00:00\",\"breadcrumb\":{\"@id\":\"https:\/\/oknoplast.servisclimax.sk\/cs\/o-nas\/#breadcrumb\"},\"inLanguage\":\"cs\",\"potentialAction\":[{\"@type\":\"ReadAction\",\"target\":[\"https:\/\/oknoplast.servisclimax.sk\/cs\/o-nas\/\"]}]},{\"@type\":\"BreadcrumbList\",\"@id\":\"https:\/\/oknoplast.servisclimax.sk\/cs\/o-nas\/#breadcrumb\",\"itemListElement\":[{\"@type\":\"ListItem\",\"position\":1,\"name\":\"Dom\u016f\",\"item\":\"https:\/\/oknoplast.servisclimax.sk\/cs\/uvod\/\"},{\"@type\":\"ListItem\",\"position\":2,\"name\":\"O n\u00e1s\"}]},{\"@type\":\"WebSite\",\"@id\":\"https:\/\/oknoplast.servisclimax.sk\/cs\/#website\",\"url\":\"https:\/\/oknoplast.servisclimax.sk\/cs\/\",\"name\":\"oknoplast\",\"description\":\"\",\"potentialAction\":[{\"@type\":\"SearchAction\",\"target\":{\"@type\":\"EntryPoint\",\"urlTemplate\":\"https:\/\/oknoplast.servisclimax.sk\/cs\/?s={search_term_string}\"},\"query-input\":{\"@type\":\"PropertyValueSpecification\",\"valueRequired\":true,\"valueName\":\"search_term_string\"}}],\"inLanguage\":\"cs\"}]}<\/script>\n<!-- \/ Yoast SEO Premium plugin. -->","yoast_head_json":{"title":"O n\u00e1s - oknoplast","robots":{"index":"index","follow":"follow","max-snippet":"max-snippet:-1","max-image-preview":"max-image-preview:large","max-video-preview":"max-video-preview:-1"},"canonical":"https:\/\/oknoplast.servisclimax.sk\/cs\/o-nas\/","og_locale":"cs_CZ","og_type":"article","og_title":"O n\u00e1s","og_description":"P\u0159\u00edb\u011bh na\u0161\u00ed firmy P\u0159\u00edb\u011bh firmy montiva s.r.o. za\u010dal v roce 2009. Od t\u00e9 doby se sna\u017e\u00edme pomoc\u00ed st\u00edn\u00edc\u00ed techniky zkvalit\u0148ovat \u017eivot na\u0161ich z\u00e1kazn\u00edk\u016f. Z mal\u00e9 firmy o t\u0159ech lidech postupn\u011b vyrostla firma s p\u011bti \u00fasp\u011b\u0161n\u00fdmi pobo\u010dkami &#8211;&nbsp;Zl\u00edn,&nbsp;Praha,&nbsp;Uhersk\u00e9 Hradi\u0161t\u011b, Kladno a P\u0159erov&nbsp;. A p\u0159esto\u017ee m\u00e1me tendence st\u00e1le r\u016fst,&nbsp;sna\u017e\u00edme se zachovat p\u0159\u00e1telskou a rodinnou atmosf\u00e9ru. P\u0159edstavujeme hlavn\u00edho [&hellip;]","og_url":"https:\/\/oknoplast.servisclimax.sk\/cs\/o-nas\/","og_site_name":"oknoplast","article_modified_time":"2025-03-17T08:30:09+00:00","twitter_card":"summary_large_image","twitter_misc":{"Odhadovan\u00e1 doba \u010dten\u00ed":"1 minuta"},"schema":{"@context":"https:\/\/schema.org","@graph":[{"@type":"WebPage","@id":"https:\/\/oknoplast.servisclimax.sk\/cs\/o-nas\/","url":"https:\/\/oknoplast.servisclimax.sk\/cs\/o-nas\/","name":"O n\u00e1s - oknoplast","isPartOf":{"@id":"https:\/\/oknoplast.servisclimax.sk\/cs\/#website"},"datePublished":"2025-01-13T14:09:12+00:00","dateModified":"2025-03-17T08:30:09+00:00","breadcrumb":{"@id":"https:\/\/oknoplast.servisclimax.sk\/cs\/o-nas\/#breadcrumb"},"inLanguage":"cs","potentialAction":[{"@type":"ReadAction","target":["https:\/\/oknoplast.servisclimax.sk\/cs\/o-nas\/"]}]},{"@type":"BreadcrumbList","@id":"https:\/\/oknoplast.servisclimax.sk\/cs\/o-nas\/#breadcrumb","itemListElement":[{"@type":"ListItem","position":1,"name":"Dom\u016f","item":"https:\/\/oknoplast.servisclimax.sk\/cs\/uvod\/"},{"@type":"ListItem","position":2,"name":"O n\u00e1s"}]},{"@type":"WebSite","@id":"https:\/\/oknoplast.servisclimax.sk\/cs\/#website","url":"https:\/\/oknoplast.servisclimax.sk\/cs\/","name":"oknoplast","description":"","potentialAction":[{"@type":"SearchAction","target":{"@type":"EntryPoint","urlTemplate":"https:\/\/oknoplast.servisclimax.sk\/cs\/?s={search_term_string}"},"query-input":{"@type":"PropertyValueSpecification","valueRequired":true,"valueName":"search_term_string"}}],"inLanguage":"cs"}]}},"_links":{"self":[{"href":"https:\/\/oknoplast.servisclimax.sk\/cs\/wp-json\/wp\/v2\/pages\/8030","targetHints":{"allow":["GET"]}}],"collection":[{"href":"https:\/\/oknoplast.servisclimax.sk\/cs\/wp-json\/wp\/v2\/pages"}],"about":[{"href":"https:\/\/oknoplast.servisclimax.sk\/cs\/wp-json\/wp\/v2\/types\/page"}],"author":[{"embeddable":true,"href":"https:\/\/oknoplast.servisclimax.sk\/cs\/wp-json\/wp\/v2\/users\/5"}],"replies":[{"embeddable":true,"href":"https:\/\/oknoplast.servisclimax.sk\/cs\/wp-json\/wp\/v2\/comments?post=8030"}],"version-history":[{"count":3,"href":"https:\/\/oknoplast.servisclimax.sk\/cs\/wp-json\/wp\/v2\/pages\/8030\/revisions"}],"predecessor-version":[{"id":8098,"href":"https:\/\/oknoplast.servisclimax.sk\/cs\/wp-json\/wp\/v2\/pages\/8030\/revisions\/8098"}],"wp:attachment":[{"href":"https:\/\/oknoplast.servisclimax.sk\/cs\/wp-json\/wp\/v2\/media?parent=8030"}],"curies":[{"name":"wp","href":"https:\/\/api.w.org\/{rel}","templated":true}]}}